{"id":29230,"date":"2021-04-22T19:45:21","date_gmt":"2021-04-22T17:45:21","guid":{"rendered":"https:\/\/temporaire.eclairageintelligent.fr\/?page_id=29230"},"modified":"2022-08-22T10:31:36","modified_gmt":"2022-08-22T08:31:36","slug":"home","status":"publish","type":"page","link":"https:\/\/www.ilico.ch\/en\/","title":{"rendered":"HOME"},"content":{"rendered":"\n\n\t<h6>\n\t\t\t\tIndependent company specialized in intelligent lighting services\n\t\t\t<\/h6>\n\t<h1>\n\t\t\t\tLighten your spirits from light issues\n\t\t\t<\/h1>\n\t\t\t<a href=\"https:\/\/www.ilico.ch\/en\/about\/\" target=\"_blank\" rel=\"noopener\" role=\"button\" aria-label=\"Find out more\">\n\t\t\t\t\t\t\tFind out more\n\t\t<\/a>\n\t<h6>\n\t\t\t\tLighting: area of expertise\n\t\t\t<\/h6>\n\t<h2>\n\t\t\t\tIntelligent design\n\t\t\t<\/h2>\n\t\t\t<p>We design and implement intelligent and optimized lighting systems tailored to each project, delivering the right amount of light only when it is required, independently from any manufacturer or contractor.<\/p>\t\n\t\t\t\t<img decoding=\"async\" src=\"https:\/\/www.ilico.ch\/wp-content\/uploads\/2021\/01\/Photos-retouchees-Copie-page-001-scaled.jpg\" alt=\"Photos retouch\u00e9es - Copie-page-001\" title=\"Photos retouch\u00e9es - Copie-page-001\" itemprop=\"image\"\/>\n\t<h6>\n\t\t\t\tWhat we do best\n\t\t\t<\/h6>\n\t<h2>\n\t\t\t\tServices\n\t\t\t<\/h2>\n\t\t\t<br \/>\n\t\t\t\t<img decoding=\"async\" src=\"https:\/\/www.ilico.ch\/wp-content\/uploads\/2020\/02\/architect-sketch.jpg\" alt=\"architect-sketch\" title=\"architect-sketch\" itemprop=\"image\"\/>\n\t<h4>\n\t\t\t\taudit\n\t\t\t<\/h4>\n\t\t\t<p>The qualitative and quantitative analysis of your existing lighting system enable to identify the areas for improvement.<\/p>\t\n\t<h4>\n\t\t\t\tCONCEPTION\n\t\t\t<\/h4>\n\t\t\t<p>We design\u00a0intelligent and optimized\u00a0lighting systems\u00a0adapted to your needs while the ROI is minimized (Total Cost of Ownership).<\/p>\t\n\t\t\t\t<img decoding=\"async\" src=\"https:\/\/www.ilico.ch\/wp-content\/uploads\/2020\/02\/architect-plan.jpg\" alt=\"architect-plan\" title=\"architect-plan\" itemprop=\"image\"\/>\n\t\t\t\t<img decoding=\"async\" src=\"https:\/\/www.ilico.ch\/wp-content\/uploads\/2020\/02\/architect-buildings.jpg\" alt=\"architect-buildings\" title=\"architect-buildings\" itemprop=\"image\"\/>\n\t<h4>\n\t\t\t\tImplementation\n\t\t\t<\/h4>\n\t\t\t<p>We start and assist the implementation of your new lighting system, taking care of the various actors involved.\u00a0If needed, we can provide you with financing solutions tailored to your investment capacity.<\/p>\t\n\t<h6>\n\t\t\t\tour demanding customers\n\t\t\t<\/h6>\n\t<h2>\n\t\t\t\tWhat do they think?\u200b\n\t\t\t<\/h2>\n\t\t\t\t\t\t\t<p>Their business case is a wonderful decision-support. We get a wide range of solutions.<\/p>\t\t\t\t\t\t\n\t\t\t\t\t\t\t\t<h6 class='uabb-testimonial-author-name testimonial-author-name'>MARC D., ENERGY MANAGER<\/h6>\t\t\t\t\t\t\t\t\n\t\t\t\t\t\t\t<p>The full independence of Ilico enabled us to reach not only significant operating cost savings, but also improvements in terms of quality and productivity<\/p>\t\t\t\t\t\t\n\t\t\t\t\t\t\t\t<h6 class='uabb-testimonial-author-name testimonial-author-name'>Jean-Pierre D., Head of General Services<\/h6>\t\t\t\t\t\t\t\t\n\t\t\t\t\t\t\t<p>I was not expecting such an improvement in terms of quality: having this comfort within a 4 years payback, it is mind blowing<\/p>\t\t\t\t\t\t\n\t\t\t\t\t\t\t\t<h6 class='uabb-testimonial-author-name testimonial-author-name'>Dominik H., Senior Director 0perations<\/h6>\t\t\t\t\t\t\t\t\n\t\n","protected":false},"excerpt":{"rendered":"<p>Independent company specialized in intelligent lighting services Lighten your spirits from light issues Find out more Lighting: area of expertise Intelligent design We design and implement intelligent and optimized lighting systems tailored to each project, delivering the right amount of light only when it is required, independently from any manufacturer or contractor. What we do &hellip;<\/p>\n<p class=\"read-more\"> <a class=\"\" href=\"https:\/\/www.ilico.ch\/en\/\"> <span class=\"screen-reader-text\">HOME<\/span> Read More &raquo;<\/a><\/p>\n","protected":false},"author":2,"featured_media":0,"parent":0,"menu_order":0,"comment_status":"closed","ping_status":"closed","template":"","meta":[],"yoast_head":"<!-- This site is optimized with the Yoast SEO plugin v19.7.1 - https:\/\/yoast.com\/wordpress\/plugins\/seo\/ -->\n<title>ILICO - The 1st engineering company in intelligent lighting systems<\/title>\n<meta name=\"description\" content=\"We design &amp; implement intelligent and optimized lighting systems tailored to each project, independently from any manufacturer or contractor\" \/>\n<meta name=\"robots\" content=\"index, follow, max-snippet:-1, max-image-preview:large, max-video-preview:-1\" \/>\n<link rel=\"canonical\" href=\"https:\/\/www.ilico.ch\/en\/\" \/>\n<meta property=\"og:locale\" content=\"en_US\" \/>\n<meta property=\"og:type\" content=\"article\" \/>\n<meta property=\"og:title\" content=\"ILICO - The 1st engineering company in intelligent lighting systems\" \/>\n<meta property=\"og:description\" content=\"We design &amp; implement intelligent and optimized lighting systems tailored to each project, independently from any manufacturer or contractor\" \/>\n<meta property=\"og:url\" content=\"https:\/\/www.ilico.ch\/en\/\" \/>\n<meta property=\"og:site_name\" content=\"ILICO - Bureau d&#039;\u00e9tudes en \u00e9clairage intelligent\" \/>\n<meta property=\"article:modified_time\" content=\"2022-08-22T08:31:36+00:00\" \/>\n<meta property=\"og:image\" content=\"https:\/\/www.ilico.ch\/wp-content\/uploads\/2021\/01\/Photos-retouchees-Copie-page-001-scaled.jpg\" \/>\n<meta name=\"twitter:card\" content=\"summary_large_image\" \/>\n<meta name=\"twitter:label1\" content=\"Est. reading time\" \/>\n\t<meta name=\"twitter:data1\" content=\"2 minutes\" \/>\n<script type=\"application\/ld+json\" class=\"yoast-schema-graph\">{\"@context\":\"https:\/\/schema.org\",\"@graph\":[{\"@type\":\"WebPage\",\"@id\":\"https:\/\/www.ilico.ch\/en\/\",\"url\":\"https:\/\/www.ilico.ch\/en\/\",\"name\":\"ILICO - The 1st engineering company in intelligent lighting systems\",\"isPartOf\":{\"@id\":\"https:\/\/www.ilico.ch\/#website\"},\"datePublished\":\"2021-04-22T17:45:21+00:00\",\"dateModified\":\"2022-08-22T08:31:36+00:00\",\"description\":\"We design & implement intelligent and optimized lighting systems tailored to each project, independently from any manufacturer or contractor\",\"breadcrumb\":{\"@id\":\"https:\/\/www.ilico.ch\/en\/#breadcrumb\"},\"inLanguage\":\"en-US\",\"potentialAction\":[{\"@type\":\"ReadAction\",\"target\":[\"https:\/\/www.ilico.ch\/en\/\"]}]},{\"@type\":\"BreadcrumbList\",\"@id\":\"https:\/\/www.ilico.ch\/en\/#breadcrumb\",\"itemListElement\":[{\"@type\":\"ListItem\",\"position\":1,\"name\":\"Accueil\",\"item\":\"https:\/\/www.ilico.ch\/en\/\"},{\"@type\":\"ListItem\",\"position\":2,\"name\":\"HOME\"}]},{\"@type\":\"WebSite\",\"@id\":\"https:\/\/www.ilico.ch\/#website\",\"url\":\"https:\/\/www.ilico.ch\/\",\"name\":\"ILICO - Bureau d&#039;\u00e9tudes en \u00e9clairage intelligent\",\"description\":\"Bureau d&#039;\u00e9tudes en \u00e9clairage intelligent\",\"publisher\":{\"@id\":\"https:\/\/www.ilico.ch\/#organization\"},\"potentialAction\":[{\"@type\":\"SearchAction\",\"target\":{\"@type\":\"EntryPoint\",\"urlTemplate\":\"https:\/\/www.ilico.ch\/?s={search_term_string}\"},\"query-input\":\"required name=search_term_string\"}],\"inLanguage\":\"en-US\"},{\"@type\":\"Organization\",\"@id\":\"https:\/\/www.ilico.ch\/#organization\",\"name\":\"ILICO - Bureau d&#039;\u00e9tudes en \u00e9clairage intelligent\",\"url\":\"https:\/\/www.ilico.ch\/\",\"sameAs\":[],\"logo\":{\"@type\":\"ImageObject\",\"inLanguage\":\"en-US\",\"@id\":\"https:\/\/www.ilico.ch\/#\/schema\/logo\/image\/\",\"url\":\"https:\/\/www.ilico.ch\/wp-content\/uploads\/2024\/10\/cropped-V3.png\",\"contentUrl\":\"https:\/\/www.ilico.ch\/wp-content\/uploads\/2024\/10\/cropped-V3.png\",\"width\":3458,\"height\":1151,\"caption\":\"ILICO - Bureau d&#039;\u00e9tudes en \u00e9clairage intelligent\"},\"image\":{\"@id\":\"https:\/\/www.ilico.ch\/#\/schema\/logo\/image\/\"}}]}<\/script>\n<!-- \/ Yoast SEO plugin. -->","yoast_head_json":{"title":"ILICO - The 1st engineering company in intelligent lighting systems","description":"We design & implement intelligent and optimized lighting systems tailored to each project, independently from any manufacturer or contractor","robots":{"index":"index","follow":"follow","max-snippet":"max-snippet:-1","max-image-preview":"max-image-preview:large","max-video-preview":"max-video-preview:-1"},"canonical":"https:\/\/www.ilico.ch\/en\/","og_locale":"en_US","og_type":"article","og_title":"ILICO - The 1st engineering company in intelligent lighting systems","og_description":"We design & implement intelligent and optimized lighting systems tailored to each project, independently from any manufacturer or contractor","og_url":"https:\/\/www.ilico.ch\/en\/","og_site_name":"ILICO - Bureau d&#039;\u00e9tudes en \u00e9clairage intelligent","article_modified_time":"2022-08-22T08:31:36+00:00","og_image":[{"url":"https:\/\/www.ilico.ch\/wp-content\/uploads\/2021\/01\/Photos-retouchees-Copie-page-001-scaled.jpg"}],"twitter_card":"summary_large_image","twitter_misc":{"Est. reading time":"2 minutes"},"schema":{"@context":"https:\/\/schema.org","@graph":[{"@type":"WebPage","@id":"https:\/\/www.ilico.ch\/en\/","url":"https:\/\/www.ilico.ch\/en\/","name":"ILICO - The 1st engineering company in intelligent lighting systems","isPartOf":{"@id":"https:\/\/www.ilico.ch\/#website"},"datePublished":"2021-04-22T17:45:21+00:00","dateModified":"2022-08-22T08:31:36+00:00","description":"We design & implement intelligent and optimized lighting systems tailored to each project, independently from any manufacturer or contractor","breadcrumb":{"@id":"https:\/\/www.ilico.ch\/en\/#breadcrumb"},"inLanguage":"en-US","potentialAction":[{"@type":"ReadAction","target":["https:\/\/www.ilico.ch\/en\/"]}]},{"@type":"BreadcrumbList","@id":"https:\/\/www.ilico.ch\/en\/#breadcrumb","itemListElement":[{"@type":"ListItem","position":1,"name":"Accueil","item":"https:\/\/www.ilico.ch\/en\/"},{"@type":"ListItem","position":2,"name":"HOME"}]},{"@type":"WebSite","@id":"https:\/\/www.ilico.ch\/#website","url":"https:\/\/www.ilico.ch\/","name":"ILICO - Bureau d&#039;\u00e9tudes en \u00e9clairage intelligent","description":"Bureau d&#039;\u00e9tudes en \u00e9clairage intelligent","publisher":{"@id":"https:\/\/www.ilico.ch\/#organization"},"potentialAction":[{"@type":"SearchAction","target":{"@type":"EntryPoint","urlTemplate":"https:\/\/www.ilico.ch\/?s={search_term_string}"},"query-input":"required name=search_term_string"}],"inLanguage":"en-US"},{"@type":"Organization","@id":"https:\/\/www.ilico.ch\/#organization","name":"ILICO - Bureau d&#039;\u00e9tudes en \u00e9clairage intelligent","url":"https:\/\/www.ilico.ch\/","sameAs":[],"logo":{"@type":"ImageObject","inLanguage":"en-US","@id":"https:\/\/www.ilico.ch\/#\/schema\/logo\/image\/","url":"https:\/\/www.ilico.ch\/wp-content\/uploads\/2024\/10\/cropped-V3.png","contentUrl":"https:\/\/www.ilico.ch\/wp-content\/uploads\/2024\/10\/cropped-V3.png","width":3458,"height":1151,"caption":"ILICO - Bureau d&#039;\u00e9tudes en \u00e9clairage intelligent"},"image":{"@id":"https:\/\/www.ilico.ch\/#\/schema\/logo\/image\/"}}]}},"_links":{"self":[{"href":"https:\/\/www.ilico.ch\/en\/wp-json\/wp\/v2\/pages\/29230"}],"collection":[{"href":"https:\/\/www.ilico.ch\/en\/wp-json\/wp\/v2\/pages"}],"about":[{"href":"https:\/\/www.ilico.ch\/en\/wp-json\/wp\/v2\/types\/page"}],"author":[{"embeddable":true,"href":"https:\/\/www.ilico.ch\/en\/wp-json\/wp\/v2\/users\/2"}],"replies":[{"embeddable":true,"href":"https:\/\/www.ilico.ch\/en\/wp-json\/wp\/v2\/comments?post=29230"}],"version-history":[{"count":14,"href":"https:\/\/www.ilico.ch\/en\/wp-json\/wp\/v2\/pages\/29230\/revisions"}],"predecessor-version":[{"id":30192,"href":"https:\/\/www.ilico.ch\/en\/wp-json\/wp\/v2\/pages\/29230\/revisions\/30192"}],"wp:attachment":[{"href":"https:\/\/www.ilico.ch\/en\/wp-json\/wp\/v2\/media?parent=29230"}],"curies":[{"name":"wp","href":"https:\/\/api.w.org\/{rel}","templated":true}]}}