{"id":29404,"date":"2021-04-24T16:59:20","date_gmt":"2021-04-24T14:59:20","guid":{"rendered":"https:\/\/temporaire.eclairageintelligent.fr\/?page_id=29404"},"modified":"2025-10-14T14:09:37","modified_gmt":"2025-10-14T12:09:37","slug":"homepage","status":"publish","type":"page","link":"https:\/\/www.ilico.ch\/de\/","title":{"rendered":"Homepage"},"content":{"rendered":"\n<h6>\n\t\t\t\tIngenieur und Beratungsb\u00fcro f\u00fcr intelligente Beleuchtungssysteme\n\t\t\t<\/h6>\n\t<h1>\n\t\t\t\tdas richtige Licht\n\t\t\t<\/h1>\n\t\t\t<a href=\"https:\/\/www.ilico.ch\/de\/wir-ueber-uns\/\" target=\"_blank\" rel=\"noopener\" role=\"button\">\n\t\t\t\t\t\t\tmehr \u00fcber ILICO\n\t\t<\/a>\n\t<h6>\n\t\t\t\tdie Beleuchtung: eine Spezialit\u00e4t\n\t\t\t<\/h6>\n\t<h2>\n\t\t\t\tIntelligentes Design\n\t\t\t<\/h2>\n\t\t<p>Vollkommen technologie- und herstellerunabh\u00e4ngig analysieren, planen und realisieren wir optimale, perfekt an Ihre Umgebungsbedingungen angepasste Beleuchtungssysteme<\/p>\t\n\t\t\t\t<img decoding=\"async\" src=\"https:\/\/www.ilico.ch\/wp-content\/uploads\/2021\/01\/Photos-retouchees-Copie-page-001-scaled.jpg\" alt=\"Photos retouch\u00e9es - Copie-page-001\" title=\"Photos retouch\u00e9es - Copie-page-001\" itemprop=\"image\">\n\t<h6>\n\t\t\t\twas wir am besten k\u00f6nnen\n\t\t\t<\/h6>\n\t<h2>\n\t\t\t\tDienstleistungen\n\t\t\t<\/h2>\n\t\t\t\t<img decoding=\"async\" src=\"https:\/\/www.ilico.ch\/wp-content\/uploads\/2020\/02\/architect-sketch.jpg\" alt=\"architect-sketch\" title=\"architect-sketch\" itemprop=\"image\">\n\t<h4>\n\t\t\t\taudit\n\t\t\t<\/h4>\n\t\t<p>Die qualitative und quantitative Analyse der existierenden Beleuchtungsanlagen erm\u00f6glicht, die Verbesserungspotenziale sowie die funktionalen Anforderungen an Ihr zuk\u00fcnftiges Beleuchtungssystem aufzuzeigen.<\/p>\t\n\t<h4>\n\t\t\t\tPlanung\n\t\t\t<\/h4>\n\t\t<p>Wir entwickeln &#8211; vollkommen technologie- und herstellerunabh\u00e4ngig &#8211; intelligente und optimierte Beleuchtungssysteme, angepasst an Ihre Bed\u00fcrfnisse, mit bester Wirtschaftlichkeit (Total Cost of Ownership-Ansatz).<\/p>\t\n\t\t\t\t<img decoding=\"async\" src=\"https:\/\/www.ilico.ch\/wp-content\/uploads\/2020\/02\/architect-plan.jpg\" alt=\"architect-plan\" title=\"architect-plan\" itemprop=\"image\">\n\t\t\t\t<img decoding=\"async\" src=\"https:\/\/www.ilico.ch\/wp-content\/uploads\/2020\/02\/architect-buildings.jpg\" alt=\"architect-buildings\" title=\"architect-buildings\" itemprop=\"image\">\n\t<h4>\n\t\t\t\tUmsetzung \n\t\t\t<\/h4>\n\t\t<p>Wir \u00fcbernehmen das Projektmanagement und koordinieren alle am Projekt beteiligten Parteien bis zur Abnahme Ihrer neuen Beleuchtungsanlage.<\/p>\t\n\t<h6>\n\t\t\t\tzufriedene Kunden\n\t\t\t<\/h6>\n\t<h2>\n\t\t\t\twas unsere Kunden \u00fcber uns sagen\n\t\t\t<\/h2>\n\t\t\t\t\t\t\t<p>Die Wahl zu haben, \u00e4ndert viel. Wir \u00fcbernehmen die Kontrolle \u00fcber unsere Beleuchtung.<\/p>\t\t\t\t\t\t\n\t\t\t\t\t\t\t\t<h6 class=\"uabb-testimonial-author-name testimonial-author-name\">MARC D., Energie- und Umweltmanager<\/h6>\t\t\t\t\t\t\t\t\n\t\t\t\t\t\t\t<p>Ihre Unabh\u00e4ngigkeit hat uns erm\u00f6glicht, mehr Einsparungen bei Betriebskosten, Beleuchtungsqualit\u00e4t und Produktivit\u00e4t zu erzielen.<\/p>\t\t\t\t\t\t\n\t\t\t\t\t\t\t\t<h6 class=\"uabb-testimonial-author-name testimonial-author-name\">Jean-Pierre D., Leiter der Technik<\/h6>\t\t\t\t\t\t\t\t\n\t\t\t\t\t\t\t<p>Eine solche Qualit\u00e4ts\u00e4nderung hatte ich nicht erwartet: das ist ziemlich beeindruckend<\/p>\t\t\t\t\t\t\n\t\t\t\t\t\t\t\t<h6 class=\"uabb-testimonial-author-name testimonial-author-name\">Dominik H., Betriebsdirektor <\/h6>\n","protected":false},"excerpt":{"rendered":"<p>Ingenieur und Beratungsb\u00fcro f\u00fcr intelligente Beleuchtungssysteme das richtige Licht mehr \u00fcber ILICO die Beleuchtung: eine Spezialit\u00e4t Intelligentes Design Vollkommen technologie- und herstellerunabh\u00e4ngig analysieren, planen und realisieren wir optimale, perfekt an Ihre Umgebungsbedingungen angepasste Beleuchtungssysteme was wir am besten k\u00f6nnen Dienstleistungen audit Die qualitative und quantitative Analyse der existierenden Beleuchtungsanlagen erm\u00f6glicht, die Verbesserungspotenziale sowie die funktionalen &hellip;<\/p>\n<p class=\"read-more\"> <a class=\"\" href=\"https:\/\/www.ilico.ch\/de\/\"> <span class=\"screen-reader-text\">Homepage<\/span> Weiterlesen &raquo;<\/a><\/p>\n","protected":false},"author":2,"featured_media":0,"parent":0,"menu_order":0,"comment_status":"closed","ping_status":"closed","template":"","meta":[],"yoast_head":"<!-- This site is optimized with the Yoast SEO plugin v19.7.1 - https:\/\/yoast.com\/wordpress\/plugins\/seo\/ -->\n<title>Erstes Beratungsb\u00fcro f\u00fcr intelligente Beleuchtungssystem<\/title>\n<meta name=\"description\" content=\"Vollkommen technologie- und herstellerunabh\u00e4ngig analysieren, planen und realisieren wir optimale und angepasste Beleuchtungssysteme\" \/>\n<meta name=\"robots\" content=\"index, follow, max-snippet:-1, max-image-preview:large, max-video-preview:-1\" \/>\n<link rel=\"canonical\" href=\"https:\/\/www.ilico.ch\/de\/\" \/>\n<meta property=\"og:locale\" content=\"de_DE\" \/>\n<meta property=\"og:type\" content=\"article\" \/>\n<meta property=\"og:title\" content=\"Erstes Beratungsb\u00fcro f\u00fcr intelligente Beleuchtungssystem\" \/>\n<meta property=\"og:description\" content=\"Vollkommen technologie- und herstellerunabh\u00e4ngig analysieren, planen und realisieren wir optimale und angepasste Beleuchtungssysteme\" \/>\n<meta property=\"og:url\" content=\"https:\/\/www.ilico.ch\/de\/\" \/>\n<meta property=\"og:site_name\" content=\"ILICO - Bureau d&#039;\u00e9tudes en \u00e9clairage intelligent\" \/>\n<meta property=\"article:modified_time\" content=\"2025-10-14T12:09:37+00:00\" \/>\n<meta property=\"og:image\" content=\"https:\/\/www.ilico.ch\/wp-content\/uploads\/2021\/01\/Photos-retouchees-Copie-page-001-scaled.jpg\" \/>\n<meta name=\"twitter:card\" content=\"summary_large_image\" \/>\n<meta name=\"twitter:label1\" content=\"Gesch\u00e4tzte Lesezeit\" \/>\n\t<meta name=\"twitter:data1\" content=\"2 Minuten\" \/>\n<script type=\"application\/ld+json\" class=\"yoast-schema-graph\">{\"@context\":\"https:\/\/schema.org\",\"@graph\":[{\"@type\":\"WebPage\",\"@id\":\"https:\/\/www.ilico.ch\/de\/\",\"url\":\"https:\/\/www.ilico.ch\/de\/\",\"name\":\"Erstes Beratungsb\u00fcro f\u00fcr intelligente Beleuchtungssystem\",\"isPartOf\":{\"@id\":\"https:\/\/www.ilico.ch\/#website\"},\"datePublished\":\"2021-04-24T14:59:20+00:00\",\"dateModified\":\"2025-10-14T12:09:37+00:00\",\"description\":\"Vollkommen technologie- und herstellerunabh\u00e4ngig analysieren, planen und realisieren wir optimale und angepasste Beleuchtungssysteme\",\"breadcrumb\":{\"@id\":\"https:\/\/www.ilico.ch\/de\/#breadcrumb\"},\"inLanguage\":\"de-DE\",\"potentialAction\":[{\"@type\":\"ReadAction\",\"target\":[\"https:\/\/www.ilico.ch\/de\/\"]}]},{\"@type\":\"BreadcrumbList\",\"@id\":\"https:\/\/www.ilico.ch\/de\/#breadcrumb\",\"itemListElement\":[{\"@type\":\"ListItem\",\"position\":1,\"name\":\"Accueil\",\"item\":\"https:\/\/www.ilico.ch\/de\/\"},{\"@type\":\"ListItem\",\"position\":2,\"name\":\"Homepage\"}]},{\"@type\":\"WebSite\",\"@id\":\"https:\/\/www.ilico.ch\/#website\",\"url\":\"https:\/\/www.ilico.ch\/\",\"name\":\"ILICO - Bureau d&#039;\u00e9tudes en \u00e9clairage intelligent\",\"description\":\"Bureau d&#039;\u00e9tudes en \u00e9clairage intelligent\",\"publisher\":{\"@id\":\"https:\/\/www.ilico.ch\/#organization\"},\"potentialAction\":[{\"@type\":\"SearchAction\",\"target\":{\"@type\":\"EntryPoint\",\"urlTemplate\":\"https:\/\/www.ilico.ch\/?s={search_term_string}\"},\"query-input\":\"required name=search_term_string\"}],\"inLanguage\":\"de-DE\"},{\"@type\":\"Organization\",\"@id\":\"https:\/\/www.ilico.ch\/#organization\",\"name\":\"ILICO - Bureau d&#039;\u00e9tudes en \u00e9clairage intelligent\",\"url\":\"https:\/\/www.ilico.ch\/\",\"sameAs\":[],\"logo\":{\"@type\":\"ImageObject\",\"inLanguage\":\"de-DE\",\"@id\":\"https:\/\/www.ilico.ch\/#\/schema\/logo\/image\/\",\"url\":\"https:\/\/www.ilico.ch\/wp-content\/uploads\/2024\/10\/cropped-V3.png\",\"contentUrl\":\"https:\/\/www.ilico.ch\/wp-content\/uploads\/2024\/10\/cropped-V3.png\",\"width\":3458,\"height\":1151,\"caption\":\"ILICO - Bureau d&#039;\u00e9tudes en \u00e9clairage intelligent\"},\"image\":{\"@id\":\"https:\/\/www.ilico.ch\/#\/schema\/logo\/image\/\"}}]}<\/script>\n<!-- \/ Yoast SEO plugin. -->","yoast_head_json":{"title":"Erstes Beratungsb\u00fcro f\u00fcr intelligente Beleuchtungssystem","description":"Vollkommen technologie- und herstellerunabh\u00e4ngig analysieren, planen und realisieren wir optimale und angepasste Beleuchtungssysteme","robots":{"index":"index","follow":"follow","max-snippet":"max-snippet:-1","max-image-preview":"max-image-preview:large","max-video-preview":"max-video-preview:-1"},"canonical":"https:\/\/www.ilico.ch\/de\/","og_locale":"de_DE","og_type":"article","og_title":"Erstes Beratungsb\u00fcro f\u00fcr intelligente Beleuchtungssystem","og_description":"Vollkommen technologie- und herstellerunabh\u00e4ngig analysieren, planen und realisieren wir optimale und angepasste Beleuchtungssysteme","og_url":"https:\/\/www.ilico.ch\/de\/","og_site_name":"ILICO - Bureau d&#039;\u00e9tudes en \u00e9clairage intelligent","article_modified_time":"2025-10-14T12:09:37+00:00","og_image":[{"url":"https:\/\/www.ilico.ch\/wp-content\/uploads\/2021\/01\/Photos-retouchees-Copie-page-001-scaled.jpg"}],"twitter_card":"summary_large_image","twitter_misc":{"Gesch\u00e4tzte Lesezeit":"2 Minuten"},"schema":{"@context":"https:\/\/schema.org","@graph":[{"@type":"WebPage","@id":"https:\/\/www.ilico.ch\/de\/","url":"https:\/\/www.ilico.ch\/de\/","name":"Erstes Beratungsb\u00fcro f\u00fcr intelligente Beleuchtungssystem","isPartOf":{"@id":"https:\/\/www.ilico.ch\/#website"},"datePublished":"2021-04-24T14:59:20+00:00","dateModified":"2025-10-14T12:09:37+00:00","description":"Vollkommen technologie- und herstellerunabh\u00e4ngig analysieren, planen und realisieren wir optimale und angepasste Beleuchtungssysteme","breadcrumb":{"@id":"https:\/\/www.ilico.ch\/de\/#breadcrumb"},"inLanguage":"de-DE","potentialAction":[{"@type":"ReadAction","target":["https:\/\/www.ilico.ch\/de\/"]}]},{"@type":"BreadcrumbList","@id":"https:\/\/www.ilico.ch\/de\/#breadcrumb","itemListElement":[{"@type":"ListItem","position":1,"name":"Accueil","item":"https:\/\/www.ilico.ch\/de\/"},{"@type":"ListItem","position":2,"name":"Homepage"}]},{"@type":"WebSite","@id":"https:\/\/www.ilico.ch\/#website","url":"https:\/\/www.ilico.ch\/","name":"ILICO - Bureau d&#039;\u00e9tudes en \u00e9clairage intelligent","description":"Bureau d&#039;\u00e9tudes en \u00e9clairage intelligent","publisher":{"@id":"https:\/\/www.ilico.ch\/#organization"},"potentialAction":[{"@type":"SearchAction","target":{"@type":"EntryPoint","urlTemplate":"https:\/\/www.ilico.ch\/?s={search_term_string}"},"query-input":"required name=search_term_string"}],"inLanguage":"de-DE"},{"@type":"Organization","@id":"https:\/\/www.ilico.ch\/#organization","name":"ILICO - Bureau d&#039;\u00e9tudes en \u00e9clairage intelligent","url":"https:\/\/www.ilico.ch\/","sameAs":[],"logo":{"@type":"ImageObject","inLanguage":"de-DE","@id":"https:\/\/www.ilico.ch\/#\/schema\/logo\/image\/","url":"https:\/\/www.ilico.ch\/wp-content\/uploads\/2024\/10\/cropped-V3.png","contentUrl":"https:\/\/www.ilico.ch\/wp-content\/uploads\/2024\/10\/cropped-V3.png","width":3458,"height":1151,"caption":"ILICO - Bureau d&#039;\u00e9tudes en \u00e9clairage intelligent"},"image":{"@id":"https:\/\/www.ilico.ch\/#\/schema\/logo\/image\/"}}]}},"_links":{"self":[{"href":"https:\/\/www.ilico.ch\/de\/wp-json\/wp\/v2\/pages\/29404"}],"collection":[{"href":"https:\/\/www.ilico.ch\/de\/wp-json\/wp\/v2\/pages"}],"about":[{"href":"https:\/\/www.ilico.ch\/de\/wp-json\/wp\/v2\/types\/page"}],"author":[{"embeddable":true,"href":"https:\/\/www.ilico.ch\/de\/wp-json\/wp\/v2\/users\/2"}],"replies":[{"embeddable":true,"href":"https:\/\/www.ilico.ch\/de\/wp-json\/wp\/v2\/comments?post=29404"}],"version-history":[{"count":9,"href":"https:\/\/www.ilico.ch\/de\/wp-json\/wp\/v2\/pages\/29404\/revisions"}],"predecessor-version":[{"id":30331,"href":"https:\/\/www.ilico.ch\/de\/wp-json\/wp\/v2\/pages\/29404\/revisions\/30331"}],"wp:attachment":[{"href":"https:\/\/www.ilico.ch\/de\/wp-json\/wp\/v2\/media?parent=29404"}],"curies":[{"name":"wp","href":"https:\/\/api.w.org\/{rel}","templated":true}]}}