{"id":29388,"date":"2021-04-24T16:57:59","date_gmt":"2021-04-24T14:57:59","guid":{"rendered":"https:\/\/temporaire.eclairageintelligent.fr\/?page_id=29388"},"modified":"2021-05-26T11:02:34","modified_gmt":"2021-05-26T09:02:34","slug":"projekts","status":"publish","type":"page","link":"https:\/\/www.ilico.ch\/de\/projekts\/","title":{"rendered":"Projekts"},"content":{"rendered":"\n<h6>\n\t\t\t\tkreativ &amp; Innovativ\n\t\t\t<\/h6>\n\t<h1>\n\t\t\t\tProjekts\n\t\t\t<\/h1>\n","protected":false},"excerpt":{"rendered":"<p>kreativ &amp; Innovativ Projekts<\/p>\n","protected":false},"author":2,"featured_media":0,"parent":0,"menu_order":0,"comment_status":"closed","ping_status":"closed","template":"","meta":[],"yoast_head":"<!-- This site is optimized with the Yoast SEO plugin v19.7.1 - https:\/\/yoast.com\/wordpress\/plugins\/seo\/ -->\n<title>Konsultieren Sie die Vielfalt unserer Projekte, die zusammen gel\u00f6st werden<\/title>\n<meta name=\"description\" content=\"Von Industrie bis Museographie \u00fcber \u00f6ffentliche Beleuchtung Projekte. Eine Expertise f\u00fcr die vielf\u00e4ltigen Herausforderungen der Beleuchtung.\" \/>\n<meta name=\"robots\" content=\"index, follow, max-snippet:-1, max-image-preview:large, max-video-preview:-1\" \/>\n<link rel=\"canonical\" href=\"https:\/\/www.ilico.ch\/de\/projekts\/\" \/>\n<meta property=\"og:locale\" content=\"de_DE\" \/>\n<meta property=\"og:type\" content=\"article\" \/>\n<meta property=\"og:title\" content=\"Konsultieren Sie die Vielfalt unserer Projekte, die zusammen gel\u00f6st werden\" \/>\n<meta property=\"og:description\" content=\"Von Industrie bis Museographie \u00fcber \u00f6ffentliche Beleuchtung Projekte. Eine Expertise f\u00fcr die vielf\u00e4ltigen Herausforderungen der Beleuchtung.\" \/>\n<meta property=\"og:url\" content=\"https:\/\/www.ilico.ch\/de\/projekts\/\" \/>\n<meta property=\"og:site_name\" content=\"ILICO - Bureau d&#039;\u00e9tudes en \u00e9clairage intelligent\" \/>\n<meta property=\"article:modified_time\" content=\"2021-05-26T09:02:34+00:00\" \/>\n<meta name=\"twitter:card\" content=\"summary_large_image\" \/>\n<meta name=\"twitter:label1\" content=\"Gesch\u00e4tzte Lesezeit\" \/>\n\t<meta name=\"twitter:data1\" content=\"1 Minute\" \/>\n<script type=\"application\/ld+json\" class=\"yoast-schema-graph\">{\"@context\":\"https:\/\/schema.org\",\"@graph\":[{\"@type\":\"WebPage\",\"@id\":\"https:\/\/www.ilico.ch\/de\/projekts\/\",\"url\":\"https:\/\/www.ilico.ch\/de\/projekts\/\",\"name\":\"Konsultieren Sie die Vielfalt unserer Projekte, die zusammen gel\u00f6st werden\",\"isPartOf\":{\"@id\":\"https:\/\/www.ilico.ch\/#website\"},\"datePublished\":\"2021-04-24T14:57:59+00:00\",\"dateModified\":\"2021-05-26T09:02:34+00:00\",\"description\":\"Von Industrie bis Museographie \u00fcber \u00f6ffentliche Beleuchtung Projekte. Eine Expertise f\u00fcr die vielf\u00e4ltigen Herausforderungen der Beleuchtung.\",\"breadcrumb\":{\"@id\":\"https:\/\/www.ilico.ch\/de\/projekts\/#breadcrumb\"},\"inLanguage\":\"de-DE\",\"potentialAction\":[{\"@type\":\"ReadAction\",\"target\":[\"https:\/\/www.ilico.ch\/de\/projekts\/\"]}]},{\"@type\":\"BreadcrumbList\",\"@id\":\"https:\/\/www.ilico.ch\/de\/projekts\/#breadcrumb\",\"itemListElement\":[{\"@type\":\"ListItem\",\"position\":1,\"name\":\"Accueil\",\"item\":\"https:\/\/www.ilico.ch\/de\/\"},{\"@type\":\"ListItem\",\"position\":2,\"name\":\"Projekts\"}]},{\"@type\":\"WebSite\",\"@id\":\"https:\/\/www.ilico.ch\/#website\",\"url\":\"https:\/\/www.ilico.ch\/\",\"name\":\"ILICO - Bureau d&#039;\u00e9tudes en \u00e9clairage intelligent\",\"description\":\"Bureau d&#039;\u00e9tudes en \u00e9clairage intelligent\",\"publisher\":{\"@id\":\"https:\/\/www.ilico.ch\/#organization\"},\"potentialAction\":[{\"@type\":\"SearchAction\",\"target\":{\"@type\":\"EntryPoint\",\"urlTemplate\":\"https:\/\/www.ilico.ch\/?s={search_term_string}\"},\"query-input\":\"required name=search_term_string\"}],\"inLanguage\":\"de-DE\"},{\"@type\":\"Organization\",\"@id\":\"https:\/\/www.ilico.ch\/#organization\",\"name\":\"ILICO - Bureau d&#039;\u00e9tudes en \u00e9clairage intelligent\",\"url\":\"https:\/\/www.ilico.ch\/\",\"sameAs\":[],\"logo\":{\"@type\":\"ImageObject\",\"inLanguage\":\"de-DE\",\"@id\":\"https:\/\/www.ilico.ch\/#\/schema\/logo\/image\/\",\"url\":\"https:\/\/www.ilico.ch\/wp-content\/uploads\/2024\/10\/cropped-V3.png\",\"contentUrl\":\"https:\/\/www.ilico.ch\/wp-content\/uploads\/2024\/10\/cropped-V3.png\",\"width\":3458,\"height\":1151,\"caption\":\"ILICO - Bureau d&#039;\u00e9tudes en \u00e9clairage intelligent\"},\"image\":{\"@id\":\"https:\/\/www.ilico.ch\/#\/schema\/logo\/image\/\"}}]}<\/script>\n<!-- \/ Yoast SEO plugin. -->","yoast_head_json":{"title":"Konsultieren Sie die Vielfalt unserer Projekte, die zusammen gel\u00f6st werden","description":"Von Industrie bis Museographie \u00fcber \u00f6ffentliche Beleuchtung Projekte. Eine Expertise f\u00fcr die vielf\u00e4ltigen Herausforderungen der Beleuchtung.","robots":{"index":"index","follow":"follow","max-snippet":"max-snippet:-1","max-image-preview":"max-image-preview:large","max-video-preview":"max-video-preview:-1"},"canonical":"https:\/\/www.ilico.ch\/de\/projekts\/","og_locale":"de_DE","og_type":"article","og_title":"Konsultieren Sie die Vielfalt unserer Projekte, die zusammen gel\u00f6st werden","og_description":"Von Industrie bis Museographie \u00fcber \u00f6ffentliche Beleuchtung Projekte. Eine Expertise f\u00fcr die vielf\u00e4ltigen Herausforderungen der Beleuchtung.","og_url":"https:\/\/www.ilico.ch\/de\/projekts\/","og_site_name":"ILICO - Bureau d&#039;\u00e9tudes en \u00e9clairage intelligent","article_modified_time":"2021-05-26T09:02:34+00:00","twitter_card":"summary_large_image","twitter_misc":{"Gesch\u00e4tzte Lesezeit":"1 Minute"},"schema":{"@context":"https:\/\/schema.org","@graph":[{"@type":"WebPage","@id":"https:\/\/www.ilico.ch\/de\/projekts\/","url":"https:\/\/www.ilico.ch\/de\/projekts\/","name":"Konsultieren Sie die Vielfalt unserer Projekte, die zusammen gel\u00f6st werden","isPartOf":{"@id":"https:\/\/www.ilico.ch\/#website"},"datePublished":"2021-04-24T14:57:59+00:00","dateModified":"2021-05-26T09:02:34+00:00","description":"Von Industrie bis Museographie \u00fcber \u00f6ffentliche Beleuchtung Projekte. Eine Expertise f\u00fcr die vielf\u00e4ltigen Herausforderungen der Beleuchtung.","breadcrumb":{"@id":"https:\/\/www.ilico.ch\/de\/projekts\/#breadcrumb"},"inLanguage":"de-DE","potentialAction":[{"@type":"ReadAction","target":["https:\/\/www.ilico.ch\/de\/projekts\/"]}]},{"@type":"BreadcrumbList","@id":"https:\/\/www.ilico.ch\/de\/projekts\/#breadcrumb","itemListElement":[{"@type":"ListItem","position":1,"name":"Accueil","item":"https:\/\/www.ilico.ch\/de\/"},{"@type":"ListItem","position":2,"name":"Projekts"}]},{"@type":"WebSite","@id":"https:\/\/www.ilico.ch\/#website","url":"https:\/\/www.ilico.ch\/","name":"ILICO - Bureau d&#039;\u00e9tudes en \u00e9clairage intelligent","description":"Bureau d&#039;\u00e9tudes en \u00e9clairage intelligent","publisher":{"@id":"https:\/\/www.ilico.ch\/#organization"},"potentialAction":[{"@type":"SearchAction","target":{"@type":"EntryPoint","urlTemplate":"https:\/\/www.ilico.ch\/?s={search_term_string}"},"query-input":"required name=search_term_string"}],"inLanguage":"de-DE"},{"@type":"Organization","@id":"https:\/\/www.ilico.ch\/#organization","name":"ILICO - Bureau d&#039;\u00e9tudes en \u00e9clairage intelligent","url":"https:\/\/www.ilico.ch\/","sameAs":[],"logo":{"@type":"ImageObject","inLanguage":"de-DE","@id":"https:\/\/www.ilico.ch\/#\/schema\/logo\/image\/","url":"https:\/\/www.ilico.ch\/wp-content\/uploads\/2024\/10\/cropped-V3.png","contentUrl":"https:\/\/www.ilico.ch\/wp-content\/uploads\/2024\/10\/cropped-V3.png","width":3458,"height":1151,"caption":"ILICO - Bureau d&#039;\u00e9tudes en \u00e9clairage intelligent"},"image":{"@id":"https:\/\/www.ilico.ch\/#\/schema\/logo\/image\/"}}]}},"_links":{"self":[{"href":"https:\/\/www.ilico.ch\/de\/wp-json\/wp\/v2\/pages\/29388"}],"collection":[{"href":"https:\/\/www.ilico.ch\/de\/wp-json\/wp\/v2\/pages"}],"about":[{"href":"https:\/\/www.ilico.ch\/de\/wp-json\/wp\/v2\/types\/page"}],"author":[{"embeddable":true,"href":"https:\/\/www.ilico.ch\/de\/wp-json\/wp\/v2\/users\/2"}],"replies":[{"embeddable":true,"href":"https:\/\/www.ilico.ch\/de\/wp-json\/wp\/v2\/comments?post=29388"}],"version-history":[{"count":7,"href":"https:\/\/www.ilico.ch\/de\/wp-json\/wp\/v2\/pages\/29388\/revisions"}],"predecessor-version":[{"id":29500,"href":"https:\/\/www.ilico.ch\/de\/wp-json\/wp\/v2\/pages\/29388\/revisions\/29500"}],"wp:attachment":[{"href":"https:\/\/www.ilico.ch\/de\/wp-json\/wp\/v2\/media?parent=29388"}],"curies":[{"name":"wp","href":"https:\/\/api.w.org\/{rel}","templated":true}]}}