{"id":29385,"date":"2021-04-24T16:56:30","date_gmt":"2021-04-24T14:56:30","guid":{"rendered":"https:\/\/temporaire.eclairageintelligent.fr\/?page_id=29385"},"modified":"2025-10-14T11:09:31","modified_gmt":"2025-10-14T09:09:31","slug":"kontakt","status":"publish","type":"page","link":"https:\/\/www.ilico.ch\/de\/kontakt\/","title":{"rendered":"Kontakt"},"content":{"rendered":"\n<h6>\n\t\t\t\tsprechen wir also dar\u00fcber\n\t\t\t<\/h6>\n\t<h1>\n\t\t\t\tKontakt\n\t\t\t<\/h1>\n\t\t\t<h6>Haben Sie noch Fragen ?\u200b<\/h6><h2>Kontaktieren Sie uns<\/h2>\t\t\t\n\t\t\t\t<p>Z\u00f6gern Sie nicht und profitieren Sie schon bald von allen Vorteilen eines intelligenten Beleuchtungssystems<\/p>\n\t<div class=\"wpforms-container \" id=\"wpforms-29520\"><form id=\"wpforms-form-29520\" class=\"wpforms-validate wpforms-form\" data-formid=\"29520\" method=\"post\" enctype=\"multipart\/form-data\" action=\"\/de\/wp-json\/wp\/v2\/pages\/29385\" data-token=\"90347496aaf05b477600b3c1849504c4\"><noscript class=\"wpforms-error-noscript\">Bitte aktiviere JavaScript in deinem Browser, um dieses Formular fertigzustellen.<\/noscript><div class=\"wpforms-field-container\"><div id=\"wpforms-29520-field_0-container\" class=\"wpforms-field wpforms-field-name\" data-field-id=\"0\"><label class=\"wpforms-field-label\" for=\"wpforms-29520-field_0\">Name <span class=\"wpforms-required-label\">*<\/span><\/label><input type=\"text\" id=\"wpforms-29520-field_0\" class=\"wpforms-field-large wpforms-field-required\" name=\"wpforms[fields][0]\" required><\/div><div id=\"wpforms-29520-field_1-container\" class=\"wpforms-field wpforms-field-email\" data-field-id=\"1\"><label class=\"wpforms-field-label\" for=\"wpforms-29520-field_1\">Email Adresse <span class=\"wpforms-required-label\">*<\/span><\/label><input type=\"email\" id=\"wpforms-29520-field_1\" class=\"wpforms-field-large wpforms-field-required\" name=\"wpforms[fields][1]\" required><\/div><div id=\"wpforms-29520-field_2-container\" class=\"wpforms-field wpforms-field-textarea\" data-field-id=\"2\"><label class=\"wpforms-field-label\" for=\"wpforms-29520-field_2\">Wie k\u00f6nnen wir Sie helfen ? <span class=\"wpforms-required-label\">*<\/span><\/label><textarea id=\"wpforms-29520-field_2\" class=\"wpforms-field-medium wpforms-field-required\" name=\"wpforms[fields][2]\" required><\/textarea><\/div><\/div><div class=\"wpforms-field wpforms-field-hp\"><label for=\"wpforms-29520-field-hp\" class=\"wpforms-field-label\">Comment<\/label><input type=\"text\" name=\"wpforms[hp]\" id=\"wpforms-29520-field-hp\" class=\"wpforms-field-medium\"><\/div><div class=\"wpforms-submit-container\"><input type=\"hidden\" name=\"wpforms[id]\" value=\"29520\"><input type=\"hidden\" name=\"wpforms[author]\" value=\"2\"><button type=\"submit\" name=\"wpforms[submit]\" id=\"wpforms-submit-29520\" class=\"wpforms-submit\" data-alt-text=\"Sending...\" data-submit-text=\"NACHRICHT SENDEN\" aria-live=\"assertive\" value=\"wpforms-submit\">NACHRICHT SENDEN<\/button><\/div><\/form><\/div>  <!-- .wpforms-container -->\n\t<h6>\n\t\t\t\tzus\u00e4tzliche Informationen \n\t\t\t<\/h6>\n\t<h2>\n\t\t\t\tKontaktieren Sie uns\n\t\t\t<\/h2>\n\t<ul>\n\t\t<li>\t\t\t\t\n\t\tTel DE &#8211; 49 151 204 17 817<\/li><li>\t\t\t\t\n\t\tTel CH &#8211; +41 (0)22 534 92 24<\/li><li>\t\t\t\t\n\t\tMail &#8211; francois.billiau@ilico-lighting.de \/ yann.zmirou@ilico.ch<\/li><li>\t\t\t\t\n\t\tAdresse &#8211; R\u00fcbenbitze 2,  53819 Neunkirchen-Seelscheid<\/li>\t<\/ul>\n","protected":false},"excerpt":{"rendered":"<p>sprechen wir also dar\u00fcber Kontakt Haben Sie noch Fragen ?\u200b Kontaktieren Sie uns Z\u00f6gern Sie nicht und profitieren Sie schon bald von allen Vorteilen eines intelligenten Beleuchtungssystems zus\u00e4tzliche Informationen Kontaktieren Sie uns Tel DE &#8211; 49 151 204 17 817 Tel CH &#8211; +41 (0)22 534 92 24 Mail &#8211; francois.billiau@ilico-lighting.de \/ yann.zmirou@ilico.ch Adresse &#8211; &hellip;<\/p>\n<p class=\"read-more\"> <a class=\"\" href=\"https:\/\/www.ilico.ch\/de\/kontakt\/\"> <span class=\"screen-reader-text\">Kontakt<\/span> Weiterlesen &raquo;<\/a><\/p>\n","protected":false},"author":2,"featured_media":0,"parent":0,"menu_order":0,"comment_status":"closed","ping_status":"closed","template":"","meta":[],"yoast_head":"<!-- This site is optimized with the Yoast SEO plugin v19.7.1 - https:\/\/yoast.com\/wordpress\/plugins\/seo\/ -->\n<title>Sprechen wir also dar\u00fcber, damit wir zusammen L\u00f6sungen finden<\/title>\n<meta name=\"description\" content=\"Z\u00f6gern Sie nicht und profitieren Sie schon bald von allen Vorteilen eines intelligenten Beleuchtungssystems\" \/>\n<meta name=\"robots\" content=\"index, follow, max-snippet:-1, max-image-preview:large, max-video-preview:-1\" \/>\n<link rel=\"canonical\" href=\"https:\/\/www.ilico.ch\/de\/kontakt\/\" \/>\n<meta property=\"og:locale\" content=\"de_DE\" \/>\n<meta property=\"og:type\" content=\"article\" \/>\n<meta property=\"og:title\" content=\"Sprechen wir also dar\u00fcber, damit wir zusammen L\u00f6sungen finden\" \/>\n<meta property=\"og:description\" content=\"Z\u00f6gern Sie nicht und profitieren Sie schon bald von allen Vorteilen eines intelligenten Beleuchtungssystems\" \/>\n<meta property=\"og:url\" content=\"https:\/\/www.ilico.ch\/de\/kontakt\/\" \/>\n<meta property=\"og:site_name\" content=\"ILICO - Bureau d&#039;\u00e9tudes en \u00e9clairage intelligent\" \/>\n<meta property=\"article:modified_time\" content=\"2025-10-14T09:09:31+00:00\" \/>\n<meta name=\"twitter:card\" content=\"summary_large_image\" \/>\n<meta name=\"twitter:label1\" content=\"Gesch\u00e4tzte Lesezeit\" \/>\n\t<meta name=\"twitter:data1\" content=\"1 Minute\" \/>\n<script type=\"application\/ld+json\" class=\"yoast-schema-graph\">{\"@context\":\"https:\/\/schema.org\",\"@graph\":[{\"@type\":\"WebPage\",\"@id\":\"https:\/\/www.ilico.ch\/de\/kontakt\/\",\"url\":\"https:\/\/www.ilico.ch\/de\/kontakt\/\",\"name\":\"Sprechen wir also dar\u00fcber, damit wir zusammen L\u00f6sungen finden\",\"isPartOf\":{\"@id\":\"https:\/\/www.ilico.ch\/#website\"},\"datePublished\":\"2021-04-24T14:56:30+00:00\",\"dateModified\":\"2025-10-14T09:09:31+00:00\",\"description\":\"Z\u00f6gern Sie nicht und profitieren Sie schon bald von allen Vorteilen eines intelligenten Beleuchtungssystems\",\"breadcrumb\":{\"@id\":\"https:\/\/www.ilico.ch\/de\/kontakt\/#breadcrumb\"},\"inLanguage\":\"de-DE\",\"potentialAction\":[{\"@type\":\"ReadAction\",\"target\":[\"https:\/\/www.ilico.ch\/de\/kontakt\/\"]}]},{\"@type\":\"BreadcrumbList\",\"@id\":\"https:\/\/www.ilico.ch\/de\/kontakt\/#breadcrumb\",\"itemListElement\":[{\"@type\":\"ListItem\",\"position\":1,\"name\":\"Accueil\",\"item\":\"https:\/\/www.ilico.ch\/de\/\"},{\"@type\":\"ListItem\",\"position\":2,\"name\":\"Kontakt\"}]},{\"@type\":\"WebSite\",\"@id\":\"https:\/\/www.ilico.ch\/#website\",\"url\":\"https:\/\/www.ilico.ch\/\",\"name\":\"ILICO - Bureau d&#039;\u00e9tudes en \u00e9clairage intelligent\",\"description\":\"Bureau d&#039;\u00e9tudes en \u00e9clairage intelligent\",\"publisher\":{\"@id\":\"https:\/\/www.ilico.ch\/#organization\"},\"potentialAction\":[{\"@type\":\"SearchAction\",\"target\":{\"@type\":\"EntryPoint\",\"urlTemplate\":\"https:\/\/www.ilico.ch\/?s={search_term_string}\"},\"query-input\":\"required name=search_term_string\"}],\"inLanguage\":\"de-DE\"},{\"@type\":\"Organization\",\"@id\":\"https:\/\/www.ilico.ch\/#organization\",\"name\":\"ILICO - Bureau d&#039;\u00e9tudes en \u00e9clairage intelligent\",\"url\":\"https:\/\/www.ilico.ch\/\",\"sameAs\":[],\"logo\":{\"@type\":\"ImageObject\",\"inLanguage\":\"de-DE\",\"@id\":\"https:\/\/www.ilico.ch\/#\/schema\/logo\/image\/\",\"url\":\"https:\/\/www.ilico.ch\/wp-content\/uploads\/2024\/10\/cropped-V3.png\",\"contentUrl\":\"https:\/\/www.ilico.ch\/wp-content\/uploads\/2024\/10\/cropped-V3.png\",\"width\":3458,\"height\":1151,\"caption\":\"ILICO - Bureau d&#039;\u00e9tudes en \u00e9clairage intelligent\"},\"image\":{\"@id\":\"https:\/\/www.ilico.ch\/#\/schema\/logo\/image\/\"}}]}<\/script>\n<!-- \/ Yoast SEO plugin. -->","yoast_head_json":{"title":"Sprechen wir also dar\u00fcber, damit wir zusammen L\u00f6sungen finden","description":"Z\u00f6gern Sie nicht und profitieren Sie schon bald von allen Vorteilen eines intelligenten Beleuchtungssystems","robots":{"index":"index","follow":"follow","max-snippet":"max-snippet:-1","max-image-preview":"max-image-preview:large","max-video-preview":"max-video-preview:-1"},"canonical":"https:\/\/www.ilico.ch\/de\/kontakt\/","og_locale":"de_DE","og_type":"article","og_title":"Sprechen wir also dar\u00fcber, damit wir zusammen L\u00f6sungen finden","og_description":"Z\u00f6gern Sie nicht und profitieren Sie schon bald von allen Vorteilen eines intelligenten Beleuchtungssystems","og_url":"https:\/\/www.ilico.ch\/de\/kontakt\/","og_site_name":"ILICO - Bureau d&#039;\u00e9tudes en \u00e9clairage intelligent","article_modified_time":"2025-10-14T09:09:31+00:00","twitter_card":"summary_large_image","twitter_misc":{"Gesch\u00e4tzte Lesezeit":"1 Minute"},"schema":{"@context":"https:\/\/schema.org","@graph":[{"@type":"WebPage","@id":"https:\/\/www.ilico.ch\/de\/kontakt\/","url":"https:\/\/www.ilico.ch\/de\/kontakt\/","name":"Sprechen wir also dar\u00fcber, damit wir zusammen L\u00f6sungen finden","isPartOf":{"@id":"https:\/\/www.ilico.ch\/#website"},"datePublished":"2021-04-24T14:56:30+00:00","dateModified":"2025-10-14T09:09:31+00:00","description":"Z\u00f6gern Sie nicht und profitieren Sie schon bald von allen Vorteilen eines intelligenten Beleuchtungssystems","breadcrumb":{"@id":"https:\/\/www.ilico.ch\/de\/kontakt\/#breadcrumb"},"inLanguage":"de-DE","potentialAction":[{"@type":"ReadAction","target":["https:\/\/www.ilico.ch\/de\/kontakt\/"]}]},{"@type":"BreadcrumbList","@id":"https:\/\/www.ilico.ch\/de\/kontakt\/#breadcrumb","itemListElement":[{"@type":"ListItem","position":1,"name":"Accueil","item":"https:\/\/www.ilico.ch\/de\/"},{"@type":"ListItem","position":2,"name":"Kontakt"}]},{"@type":"WebSite","@id":"https:\/\/www.ilico.ch\/#website","url":"https:\/\/www.ilico.ch\/","name":"ILICO - Bureau d&#039;\u00e9tudes en \u00e9clairage intelligent","description":"Bureau d&#039;\u00e9tudes en \u00e9clairage intelligent","publisher":{"@id":"https:\/\/www.ilico.ch\/#organization"},"potentialAction":[{"@type":"SearchAction","target":{"@type":"EntryPoint","urlTemplate":"https:\/\/www.ilico.ch\/?s={search_term_string}"},"query-input":"required name=search_term_string"}],"inLanguage":"de-DE"},{"@type":"Organization","@id":"https:\/\/www.ilico.ch\/#organization","name":"ILICO - Bureau d&#039;\u00e9tudes en \u00e9clairage intelligent","url":"https:\/\/www.ilico.ch\/","sameAs":[],"logo":{"@type":"ImageObject","inLanguage":"de-DE","@id":"https:\/\/www.ilico.ch\/#\/schema\/logo\/image\/","url":"https:\/\/www.ilico.ch\/wp-content\/uploads\/2024\/10\/cropped-V3.png","contentUrl":"https:\/\/www.ilico.ch\/wp-content\/uploads\/2024\/10\/cropped-V3.png","width":3458,"height":1151,"caption":"ILICO - Bureau d&#039;\u00e9tudes en \u00e9clairage intelligent"},"image":{"@id":"https:\/\/www.ilico.ch\/#\/schema\/logo\/image\/"}}]}},"_links":{"self":[{"href":"https:\/\/www.ilico.ch\/de\/wp-json\/wp\/v2\/pages\/29385"}],"collection":[{"href":"https:\/\/www.ilico.ch\/de\/wp-json\/wp\/v2\/pages"}],"about":[{"href":"https:\/\/www.ilico.ch\/de\/wp-json\/wp\/v2\/types\/page"}],"author":[{"embeddable":true,"href":"https:\/\/www.ilico.ch\/de\/wp-json\/wp\/v2\/users\/2"}],"replies":[{"embeddable":true,"href":"https:\/\/www.ilico.ch\/de\/wp-json\/wp\/v2\/comments?post=29385"}],"version-history":[{"count":14,"href":"https:\/\/www.ilico.ch\/de\/wp-json\/wp\/v2\/pages\/29385\/revisions"}],"predecessor-version":[{"id":30314,"href":"https:\/\/www.ilico.ch\/de\/wp-json\/wp\/v2\/pages\/29385\/revisions\/30314"}],"wp:attachment":[{"href":"https:\/\/www.ilico.ch\/de\/wp-json\/wp\/v2\/media?parent=29385"}],"curies":[{"name":"wp","href":"https:\/\/api.w.org\/{rel}","templated":true}]}}