{"id":29355,"date":"2021-04-24T16:54:16","date_gmt":"2021-04-24T14:54:16","guid":{"rendered":"https:\/\/temporaire.eclairageintelligent.fr\/?page_id=29355"},"modified":"2026-03-13T14:08:46","modified_gmt":"2026-03-13T13:08:46","slug":"wir-ueber-uns","status":"publish","type":"page","link":"https:\/\/www.ilico.ch\/de\/wir-ueber-uns\/","title":{"rendered":"Wir \u00dcber uns"},"content":{"rendered":"\n<h6>\n\t\t\t\tIm detail\n\t\t\t<\/h6>\n\t<h1>\n\t\t\t\tWir \u00fcber uns ?\n\t\t\t<\/h1>\n\t<h6>\n\t\t\t\tSchweizer Sackmesser von Beleuchtung\n\t\t\t<\/h6>\n\t<h2>\n\t\t\t\tvielseitiges Unternehmen\n\t\t\t<\/h2>\n\t\t\t<p>Als Experten im Lichtbereich haben die ILICO &#8211; Ingenieure ein einzigartiges Knowhow entwickelt, das ihnen erlaubt, Betriebskosten und CO2-Emissionen auf ein Minimum zu reduzieren bei gleichzeitiger Verbesserung der Produktivit\u00e4t und Sicherheit. Der exklusive ILICO-Ansatz erf\u00fcllt so die doppelte Herausforderung, den Energieverbrauch zu minimieren und die Beleuchtungsqualit\u00e4t zu erh\u00f6hen.Effiziente Beleuchtungstechnologien &#8211; Hardware und Steuerungsl\u00f6sungen &#8211; k\u00f6nnen nur mit Hilfe eines Lichtspezialisten geplant und installiert werden, der einerseits die neuesten Technologien beherrscht und auf der anderen Seite diese &#8211; herstellerunabh\u00e4ngig &#8211; auf die Bed\u00fcrfnisse der Kunden ausrichtet, um den gr\u00f6\u00dftm\u00f6glichen Nutzen zu erzielen.ILICO ist das erste Ingenieurb\u00fcro, das diese beiden F\u00e4higkeiten vereint.<\/p>\t\n\t\t\t\t<img decoding=\"async\" src=\"https:\/\/www.ilico.ch\/wp-content\/uploads\/2021\/01\/Photos-retouchees-Copie-2-page-001-scaled.jpg\" alt=\"Photos retouch\u00e9es - Copie (2)-page-001\" title=\"Photos retouch\u00e9es - Copie (2)-page-001\" itemprop=\"image\">\n\t<h6>\n\t\t\t\tEin neuer Ansatz\n\t\t\t<\/h6>\n\t<h2>\n\t\t\t\tWarum uns ausw\u00e4hlen?\n\t\t\t<\/h2>\n\t\t\t<p>ILICO verkauft weder Produkte, noch Elektrizit\u00e4t oder Wartungsvertr\u00e4ge. Unsere Unabh\u00e4ngigkeit garantiert Ihnen maximale Vorteile<\/p>\t\n\t<ul>\n\t\t<li>\t\t\t\t\n\t\t<h4>Kostenreduktion<\/h4><ul><li>Investitionskosten (Material+Installation)<\/li><li>Stromverbrauch<\/li><li>Wartungskosten<\/li><\/ul><p>Unser Analyse- und Planungsaufwand macht sich durch die generierten Einsparungen beim Materialeinkauf grunds\u00e4tzlich bezahlt.<\/p><\/li><li>\t\t\t\t\n\t\t<h4>Ihnen die Wahl zu \u00fcberlassen<\/h4><\/li><li>\t\t\t\t\n\t\t<h4>Verbesserung der Qualit\u00e4t und Produktivit\u00e4t <\/h4><p>Die Beleuchtung ist in erster Linie ein Arbeitsmittel. In dieser Hinsicht muss sie eine optimale Erf\u00fcllung der Arbeitsaufgaben erm\u00f6glichen: Pr\u00e4zisionsbearbeitung, Farbauswahl, Sichtkontrollen, sich st\u00e4ndig wiederholende Fertigungsschritte etc. Durch die Erh\u00f6hung des Sichtkomforts und des Wohlbefindens Ihrer Mitarbeiter verbessern wir \u00fcblicherweise die Arbeitsqualit\u00e4t und Produktivit\u00e4t.<\/p><\/li><li>\t\t\t\t\n\t\t<h4>Verbesseung von Sicherheit und Wohlbefinden <\/h4><p>Wussten Sie, dass eine schlecht beleuchtete Zone unfalltr\u00e4chtiger ist ? Dass die Wahl der Beleuchtungstechnik einen nicht zu untersch\u00e4tzenden Einfluss auf den menschlichen K\u00f6rper hat ? Dass die Beleuchtung den Sehkomfort sowie das Wohlbefinden der Mitarbeiter stark beeinflusst ? Bei ILICO achten wir bei der Durchf\u00fchrung unserer Untersuchungen und Planungen systematisch auf Ihre Hygiene- und Sicherheitsanforderungen.<\/p><\/li><li>\t\t\t\t\n\t\t<h4>Verringerung der Umweltauswirkungen<\/h4><p>Indem wir Ihr Beleuchtungssystem und seine Funktionsweise bestm\u00f6glich an Ihre Bed\u00fcrfnisse anpassen, hilft Ihnen ILICO, CO2-Emissionen und Abfall zu reduzieren. Alle unsere Berichte weisen die CO2-Bilanz Ihrer Beleuchtungsanlagen aus.<\/p><\/li>\t<\/ul>\n\t<h6>\n\t\t\t\tunsere F\u00fchrungsmannschaft\n\t\t\t<\/h6>\n\t<h2>\n\t\t\t\tein paar Worten\n\t\t\t<\/h2>\n\t<h4>\n\t\t\t\tHugo Revidi\n\t\t\t<\/h4>\n\t\t\t<p>Technischer Direktor &nbsp;\ud83c\uddeb\ud83c\uddf7 \ud83c\udde9\ud83c\uddea&nbsp;<\/p>\t\n\t\t\t\t<img decoding=\"async\" src=\"https:\/\/www.ilico.ch\/wp-content\/uploads\/2021\/03\/HugoR-scaled.jpg\" alt=\"HugoR\" title=\"HugoR\" itemprop=\"image\">\n\t<h4>\n\t\t\t\tYann Zmirou\n\t\t\t<\/h4>\n\t\t\t<p>Vertriebsleiter &#8211; Schweiz \ud83c\udde9\ud83c\uddea \ud83c\uddec\ud83c\udde7&nbsp;<\/p>\t\n\t\t\t\t<img decoding=\"async\" src=\"https:\/\/www.ilico.ch\/wp-content\/uploads\/2021\/03\/Yann-scaled.jpg\" alt=\"Yann\" title=\"Yann\" itemprop=\"image\">\n\t<h4>\n\t\t\t\tThomas No\u00ebl\n\t\t\t<\/h4>\n\t\t\t<p>Vertriebsleiter &#8211; Frankreich &nbsp;\ud83c\uddeb\ud83c\uddf7 \ud83c\uddea\ud83c\uddf8&nbsp;<\/p>\t\n\t\t\t\t<img decoding=\"async\" src=\"https:\/\/www.ilico.ch\/wp-content\/uploads\/2021\/03\/Thomas-scaled.jpg\" alt=\"Thomas\" title=\"Thomas\" itemprop=\"image\">\n","protected":false},"excerpt":{"rendered":"<p>Im detail Wir \u00fcber uns ? Schweizer Sackmesser von Beleuchtung vielseitiges Unternehmen Als Experten im Lichtbereich haben die ILICO &#8211; Ingenieure ein einzigartiges Knowhow entwickelt, das ihnen erlaubt, Betriebskosten und CO2-Emissionen auf ein Minimum zu reduzieren bei gleichzeitiger Verbesserung der Produktivit\u00e4t und Sicherheit. Der exklusive ILICO-Ansatz erf\u00fcllt so die doppelte Herausforderung, den Energieverbrauch zu minimieren &hellip;<\/p>\n<p class=\"read-more\"> <a class=\"\" href=\"https:\/\/www.ilico.ch\/de\/wir-ueber-uns\/\"> <span class=\"screen-reader-text\">Wir \u00dcber uns<\/span> Weiterlesen &raquo;<\/a><\/p>\n","protected":false},"author":2,"featured_media":0,"parent":0,"menu_order":0,"comment_status":"closed","ping_status":"closed","template":"","meta":[],"yoast_head":"<!-- This site is optimized with the Yoast SEO plugin v19.7.1 - https:\/\/yoast.com\/wordpress\/plugins\/seo\/ -->\n<title>Wir planen-realisieren optimale und angepasste Beleuchtungssysteme<\/title>\n<meta name=\"description\" content=\"Der exklusive ILICO-Ansatz erf\u00fcllt die doppelte Herausforderung, den Energieverbrauch zu minimieren und die Beleuchtungsqualit\u00e4t zu erh\u00f6hen.\" \/>\n<meta name=\"robots\" content=\"index, follow, max-snippet:-1, max-image-preview:large, max-video-preview:-1\" \/>\n<link rel=\"canonical\" href=\"https:\/\/www.ilico.ch\/de\/wir-ueber-uns\/\" \/>\n<meta property=\"og:locale\" content=\"de_DE\" \/>\n<meta property=\"og:type\" content=\"article\" \/>\n<meta property=\"og:title\" content=\"Wir planen-realisieren optimale und angepasste Beleuchtungssysteme\" \/>\n<meta property=\"og:description\" content=\"Der exklusive ILICO-Ansatz erf\u00fcllt die doppelte Herausforderung, den Energieverbrauch zu minimieren und die Beleuchtungsqualit\u00e4t zu erh\u00f6hen.\" \/>\n<meta property=\"og:url\" content=\"https:\/\/www.ilico.ch\/de\/wir-ueber-uns\/\" \/>\n<meta property=\"og:site_name\" content=\"ILICO - Bureau d&#039;\u00e9tudes en \u00e9clairage intelligent\" \/>\n<meta property=\"article:modified_time\" content=\"2026-03-13T13:08:46+00:00\" \/>\n<meta property=\"og:image\" content=\"https:\/\/www.ilico.ch\/wp-content\/uploads\/2021\/01\/Photos-retouchees-Copie-2-page-001-scaled.jpg\" \/>\n<meta name=\"twitter:card\" content=\"summary_large_image\" \/>\n<meta name=\"twitter:label1\" content=\"Gesch\u00e4tzte Lesezeit\" \/>\n\t<meta name=\"twitter:data1\" content=\"3 Minuten\" \/>\n<script type=\"application\/ld+json\" class=\"yoast-schema-graph\">{\"@context\":\"https:\/\/schema.org\",\"@graph\":[{\"@type\":\"WebPage\",\"@id\":\"https:\/\/www.ilico.ch\/de\/wir-ueber-uns\/\",\"url\":\"https:\/\/www.ilico.ch\/de\/wir-ueber-uns\/\",\"name\":\"Wir planen-realisieren optimale und angepasste Beleuchtungssysteme\",\"isPartOf\":{\"@id\":\"https:\/\/www.ilico.ch\/#website\"},\"datePublished\":\"2021-04-24T14:54:16+00:00\",\"dateModified\":\"2026-03-13T13:08:46+00:00\",\"description\":\"Der exklusive ILICO-Ansatz erf\u00fcllt die doppelte Herausforderung, den Energieverbrauch zu minimieren und die Beleuchtungsqualit\u00e4t zu erh\u00f6hen.\",\"breadcrumb\":{\"@id\":\"https:\/\/www.ilico.ch\/de\/wir-ueber-uns\/#breadcrumb\"},\"inLanguage\":\"de-DE\",\"potentialAction\":[{\"@type\":\"ReadAction\",\"target\":[\"https:\/\/www.ilico.ch\/de\/wir-ueber-uns\/\"]}]},{\"@type\":\"BreadcrumbList\",\"@id\":\"https:\/\/www.ilico.ch\/de\/wir-ueber-uns\/#breadcrumb\",\"itemListElement\":[{\"@type\":\"ListItem\",\"position\":1,\"name\":\"Accueil\",\"item\":\"https:\/\/www.ilico.ch\/de\/\"},{\"@type\":\"ListItem\",\"position\":2,\"name\":\"Wir \u00dcber uns\"}]},{\"@type\":\"WebSite\",\"@id\":\"https:\/\/www.ilico.ch\/#website\",\"url\":\"https:\/\/www.ilico.ch\/\",\"name\":\"ILICO - Bureau d&#039;\u00e9tudes en \u00e9clairage intelligent\",\"description\":\"Bureau d&#039;\u00e9tudes en \u00e9clairage intelligent\",\"publisher\":{\"@id\":\"https:\/\/www.ilico.ch\/#organization\"},\"potentialAction\":[{\"@type\":\"SearchAction\",\"target\":{\"@type\":\"EntryPoint\",\"urlTemplate\":\"https:\/\/www.ilico.ch\/?s={search_term_string}\"},\"query-input\":\"required name=search_term_string\"}],\"inLanguage\":\"de-DE\"},{\"@type\":\"Organization\",\"@id\":\"https:\/\/www.ilico.ch\/#organization\",\"name\":\"ILICO - Bureau d&#039;\u00e9tudes en \u00e9clairage intelligent\",\"url\":\"https:\/\/www.ilico.ch\/\",\"sameAs\":[],\"logo\":{\"@type\":\"ImageObject\",\"inLanguage\":\"de-DE\",\"@id\":\"https:\/\/www.ilico.ch\/#\/schema\/logo\/image\/\",\"url\":\"https:\/\/www.ilico.ch\/wp-content\/uploads\/2024\/10\/cropped-V3.png\",\"contentUrl\":\"https:\/\/www.ilico.ch\/wp-content\/uploads\/2024\/10\/cropped-V3.png\",\"width\":3458,\"height\":1151,\"caption\":\"ILICO - Bureau d&#039;\u00e9tudes en \u00e9clairage intelligent\"},\"image\":{\"@id\":\"https:\/\/www.ilico.ch\/#\/schema\/logo\/image\/\"}}]}<\/script>\n<!-- \/ Yoast SEO plugin. -->","yoast_head_json":{"title":"Wir planen-realisieren optimale und angepasste Beleuchtungssysteme","description":"Der exklusive ILICO-Ansatz erf\u00fcllt die doppelte Herausforderung, den Energieverbrauch zu minimieren und die Beleuchtungsqualit\u00e4t zu erh\u00f6hen.","robots":{"index":"index","follow":"follow","max-snippet":"max-snippet:-1","max-image-preview":"max-image-preview:large","max-video-preview":"max-video-preview:-1"},"canonical":"https:\/\/www.ilico.ch\/de\/wir-ueber-uns\/","og_locale":"de_DE","og_type":"article","og_title":"Wir planen-realisieren optimale und angepasste Beleuchtungssysteme","og_description":"Der exklusive ILICO-Ansatz erf\u00fcllt die doppelte Herausforderung, den Energieverbrauch zu minimieren und die Beleuchtungsqualit\u00e4t zu erh\u00f6hen.","og_url":"https:\/\/www.ilico.ch\/de\/wir-ueber-uns\/","og_site_name":"ILICO - Bureau d&#039;\u00e9tudes en \u00e9clairage intelligent","article_modified_time":"2026-03-13T13:08:46+00:00","og_image":[{"url":"https:\/\/www.ilico.ch\/wp-content\/uploads\/2021\/01\/Photos-retouchees-Copie-2-page-001-scaled.jpg"}],"twitter_card":"summary_large_image","twitter_misc":{"Gesch\u00e4tzte Lesezeit":"3 Minuten"},"schema":{"@context":"https:\/\/schema.org","@graph":[{"@type":"WebPage","@id":"https:\/\/www.ilico.ch\/de\/wir-ueber-uns\/","url":"https:\/\/www.ilico.ch\/de\/wir-ueber-uns\/","name":"Wir planen-realisieren optimale und angepasste Beleuchtungssysteme","isPartOf":{"@id":"https:\/\/www.ilico.ch\/#website"},"datePublished":"2021-04-24T14:54:16+00:00","dateModified":"2026-03-13T13:08:46+00:00","description":"Der exklusive ILICO-Ansatz erf\u00fcllt die doppelte Herausforderung, den Energieverbrauch zu minimieren und die Beleuchtungsqualit\u00e4t zu erh\u00f6hen.","breadcrumb":{"@id":"https:\/\/www.ilico.ch\/de\/wir-ueber-uns\/#breadcrumb"},"inLanguage":"de-DE","potentialAction":[{"@type":"ReadAction","target":["https:\/\/www.ilico.ch\/de\/wir-ueber-uns\/"]}]},{"@type":"BreadcrumbList","@id":"https:\/\/www.ilico.ch\/de\/wir-ueber-uns\/#breadcrumb","itemListElement":[{"@type":"ListItem","position":1,"name":"Accueil","item":"https:\/\/www.ilico.ch\/de\/"},{"@type":"ListItem","position":2,"name":"Wir \u00dcber uns"}]},{"@type":"WebSite","@id":"https:\/\/www.ilico.ch\/#website","url":"https:\/\/www.ilico.ch\/","name":"ILICO - Bureau d&#039;\u00e9tudes en \u00e9clairage intelligent","description":"Bureau d&#039;\u00e9tudes en \u00e9clairage intelligent","publisher":{"@id":"https:\/\/www.ilico.ch\/#organization"},"potentialAction":[{"@type":"SearchAction","target":{"@type":"EntryPoint","urlTemplate":"https:\/\/www.ilico.ch\/?s={search_term_string}"},"query-input":"required name=search_term_string"}],"inLanguage":"de-DE"},{"@type":"Organization","@id":"https:\/\/www.ilico.ch\/#organization","name":"ILICO - Bureau d&#039;\u00e9tudes en \u00e9clairage intelligent","url":"https:\/\/www.ilico.ch\/","sameAs":[],"logo":{"@type":"ImageObject","inLanguage":"de-DE","@id":"https:\/\/www.ilico.ch\/#\/schema\/logo\/image\/","url":"https:\/\/www.ilico.ch\/wp-content\/uploads\/2024\/10\/cropped-V3.png","contentUrl":"https:\/\/www.ilico.ch\/wp-content\/uploads\/2024\/10\/cropped-V3.png","width":3458,"height":1151,"caption":"ILICO - Bureau d&#039;\u00e9tudes en \u00e9clairage intelligent"},"image":{"@id":"https:\/\/www.ilico.ch\/#\/schema\/logo\/image\/"}}]}},"_links":{"self":[{"href":"https:\/\/www.ilico.ch\/de\/wp-json\/wp\/v2\/pages\/29355"}],"collection":[{"href":"https:\/\/www.ilico.ch\/de\/wp-json\/wp\/v2\/pages"}],"about":[{"href":"https:\/\/www.ilico.ch\/de\/wp-json\/wp\/v2\/types\/page"}],"author":[{"embeddable":true,"href":"https:\/\/www.ilico.ch\/de\/wp-json\/wp\/v2\/users\/2"}],"replies":[{"embeddable":true,"href":"https:\/\/www.ilico.ch\/de\/wp-json\/wp\/v2\/comments?post=29355"}],"version-history":[{"count":17,"href":"https:\/\/www.ilico.ch\/de\/wp-json\/wp\/v2\/pages\/29355\/revisions"}],"predecessor-version":[{"id":30369,"href":"https:\/\/www.ilico.ch\/de\/wp-json\/wp\/v2\/pages\/29355\/revisions\/30369"}],"wp:attachment":[{"href":"https:\/\/www.ilico.ch\/de\/wp-json\/wp\/v2\/media?parent=29355"}],"curies":[{"name":"wp","href":"https:\/\/api.w.org\/{rel}","templated":true}]}}